{"id":247,"date":"2023-10-05T20:24:14","date_gmt":"2023-10-05T20:24:14","guid":{"rendered":"http:\/\/lolitabarceloneta.com\/?page_id=247"},"modified":"2023-11-06T17:58:19","modified_gmt":"2023-11-06T17:58:19","slug":"quienes-somos","status":"publish","type":"page","link":"https:\/\/lolitabarceloneta.com\/en\/quienes-somos\/","title":{"rendered":"Who are we?"},"content":{"rendered":"<div data-elementor-type=\"wp-page\" data-elementor-id=\"247\" class=\"elementor elementor-247\" data-elementor-post-type=\"page\">\n\t\t\t\t<div class=\"elementor-element elementor-element-58496f4 e-con-full e-flex e-con e-parent\" data-id=\"58496f4\" data-element_type=\"container\">\n\t\t\t\t<div class=\"elementor-element elementor-element-b98612b elementor--h-position-center elementor--v-position-middle elementor-arrows-position-inside elementor-pagination-position-inside elementor-widget elementor-widget-slides\" data-id=\"b98612b\" data-element_type=\"widget\" data-settings=\"{&quot;navigation&quot;:&quot;both&quot;,&quot;autoplay&quot;:&quot;yes&quot;,&quot;pause_on_hover&quot;:&quot;yes&quot;,&quot;pause_on_interaction&quot;:&quot;yes&quot;,&quot;autoplay_speed&quot;:5000,&quot;infinite&quot;:&quot;yes&quot;,&quot;transition&quot;:&quot;slide&quot;,&quot;transition_speed&quot;:500}\" data-widget_type=\"slides.default\">\n\t\t\t\t<div class=\"elementor-widget-container\">\n\t\t\t\t\t\t\t<div class=\"elementor-swiper\">\n\t\t\t<div class=\"elementor-slides-wrapper elementor-main-swiper swiper\" dir=\"ltr\" data-animation=\"fadeInUp\">\n\t\t\t\t<div class=\"swiper-wrapper elementor-slides\">\n\t\t\t\t\t\t\t\t\t\t<div class=\"elementor-repeater-item-044b720 swiper-slide\"><div class=\"swiper-slide-bg\" role=\"img\"><\/div><div class=\"swiper-slide-inner\" ><div class=\"swiper-slide-contents\"><\/div><\/div><\/div><div class=\"elementor-repeater-item-96966a5 swiper-slide\"><div class=\"swiper-slide-bg\" role=\"img\"><\/div><div class=\"swiper-slide-inner\" ><div class=\"swiper-slide-contents\"><\/div><\/div><\/div><div class=\"elementor-repeater-item-0c5dff3 swiper-slide\"><div class=\"swiper-slide-bg\" role=\"img\"><\/div><div class=\"swiper-slide-inner\" ><div class=\"swiper-slide-contents\"><\/div><\/div><\/div>\t\t\t\t<\/div>\n\t\t\t\t\t\t\t\t\t\t\t\t\t\t\t<div class=\"swiper-pagination\"><\/div>\n\t\t\t\t\t\t\t\t\t\t\t\t\t\t\t\t<div class=\"elementor-swiper-button elementor-swiper-button-prev\" role=\"button\" tabindex=\"0\">\n\t\t\t\t\t\t\t<i aria-hidden=\"true\" class=\"eicon-chevron-left\"><\/i>\t\t\t\t\t\t\t<span class=\"elementor-screen-only\">Previous slide<\/span>\n\t\t\t\t\t\t<\/div>\n\t\t\t\t\t\t<div class=\"elementor-swiper-button elementor-swiper-button-next\" role=\"button\" tabindex=\"0\">\n\t\t\t\t\t\t\t<i aria-hidden=\"true\" class=\"eicon-chevron-right\"><\/i>\t\t\t\t\t\t\t<span class=\"elementor-screen-only\">Next slide<\/span>\n\t\t\t\t\t\t<\/div>\n\t\t\t\t\t\t\t\t\t\t\t\t<\/div>\n\t\t<\/div>\n\t\t\t\t\t\t<\/div>\n\t\t\t\t<\/div>\n\t\t\t\t<\/div>\n\t\t<div class=\"elementor-element elementor-element-47d28fa9 e-con-full e-flex e-con e-parent\" data-id=\"47d28fa9\" data-element_type=\"container\" data-settings=\"{&quot;background_background&quot;:&quot;classic&quot;}\">\n\t\t<div class=\"elementor-element elementor-element-106ff2b e-con-full e-flex e-con e-child\" data-id=\"106ff2b\" data-element_type=\"container\">\n\t\t\t\t<div class=\"elementor-element elementor-element-219abc66 elementor-invisible elementor-widget elementor-widget-heading\" data-id=\"219abc66\" data-element_type=\"widget\" data-settings=\"{&quot;_animation&quot;:&quot;fadeIn&quot;}\" data-widget_type=\"heading.default\">\n\t\t\t\t<div class=\"elementor-widget-container\">\n\t\t\t\t\t<h1 class=\"elementor-heading-title elementor-size-default\">The restaurant<\/h1>\t\t\t\t<\/div>\n\t\t\t\t<\/div>\n\t\t\t\t<div class=\"elementor-element elementor-element-3a737a40 elementor-invisible elementor-widget elementor-widget-text-editor\" data-id=\"3a737a40\" data-element_type=\"widget\" data-settings=\"{&quot;_animation&quot;:&quot;fadeIn&quot;,&quot;_animation_delay&quot;:200}\" data-widget_type=\"text-editor.default\">\n\t\t\t\t<div class=\"elementor-widget-container\">\n\t\t\t\t\t\t\t\t\t<p>Located in Barceloneta in the center of Paseo Juan de Borb\u00f3n is\u00a0<strong>Lolita<\/strong>a charming spot where you can discover a menu with a wide culinary variety.<\/p><p>You will be able to enjoy excellent\u00a0<strong>sangr\u00edas<\/strong>\u00a0or\u00a0<strong>have a smoothie or a cocktail<\/strong>\u00a0on our terrace contemplating the spectacular sunset every afternoon in front of unique views in which the reddish sky and the blue of the sea merge into one to accommodate dozens of boats.<\/p><p>Dinner in the moonlight and from midnight onwards experience the transformation of Lolita, which becomes a place for drinks and drinks with the best music.<\/p>\t\t\t\t\t\t\t\t<\/div>\n\t\t\t\t<\/div>\n\t\t\t\t<\/div>\n\t\t<div class=\"elementor-element elementor-element-4d20c13c e-con-full e-flex e-con e-child\" data-id=\"4d20c13c\" data-element_type=\"container\" data-settings=\"{&quot;background_background&quot;:&quot;classic&quot;}\">\n\t\t\t\t<div class=\"elementor-element elementor-element-759b35c elementor-widget elementor-widget-image\" data-id=\"759b35c\" data-element_type=\"widget\" data-widget_type=\"image.default\">\n\t\t\t\t<div class=\"elementor-widget-container\">\n\t\t\t\t\t\t\t\t\t\t\t\t\t\t\t<img fetchpriority=\"high\" decoding=\"async\" width=\"1024\" height=\"1024\" src=\"data:image\/gif;base64,R0lGODlhAQABAIAAAAAAAP\/\/\/yH5BAEAAAAALAAAAAABAAEAAAIBRAA7\" data-src=\"https:\/\/lolitabarceloneta.com\/wp-content\/uploads\/2023\/10\/local04-1024x1024.jpg\" class=\"attachment-large size-large wp-image-588 lazyload\" alt=\"\" data-srcset=\"https:\/\/lolitabarceloneta.com\/wp-content\/uploads\/2023\/10\/local04-1024x1024.jpg 1024w, https:\/\/lolitabarceloneta.com\/wp-content\/uploads\/2023\/10\/local04-300x300.jpg 300w, https:\/\/lolitabarceloneta.com\/wp-content\/uploads\/2023\/10\/local04-150x150.jpg 150w, https:\/\/lolitabarceloneta.com\/wp-content\/uploads\/2023\/10\/local04-768x768.jpg 768w, https:\/\/lolitabarceloneta.com\/wp-content\/uploads\/2023\/10\/local04-12x12.jpg 12w, https:\/\/lolitabarceloneta.com\/wp-content\/uploads\/2023\/10\/local04.jpg 1080w\" sizes=\"(max-width: 1024px) 100vw, 1024px\" \/><noscript><img decoding=\"async\" width=\"1024\" height=\"1024\" src=\"https:\/\/lolitabarceloneta.com\/wp-content\/uploads\/2023\/10\/local04-1024x1024.jpg\" class=\"attachment-large size-large wp-image-588 lazyload\" alt=\"\" srcset=\"https:\/\/lolitabarceloneta.com\/wp-content\/uploads\/2023\/10\/local04-1024x1024.jpg 1024w, https:\/\/lolitabarceloneta.com\/wp-content\/uploads\/2023\/10\/local04-300x300.jpg 300w, https:\/\/lolitabarceloneta.com\/wp-content\/uploads\/2023\/10\/local04-150x150.jpg 150w, https:\/\/lolitabarceloneta.com\/wp-content\/uploads\/2023\/10\/local04-768x768.jpg 768w, https:\/\/lolitabarceloneta.com\/wp-content\/uploads\/2023\/10\/local04-12x12.jpg 12w, https:\/\/lolitabarceloneta.com\/wp-content\/uploads\/2023\/10\/local04.jpg 1080w\" sizes=\"(max-width: 1024px) 100vw, 1024px\" \/><\/noscript>\t\t\t\t\t\t\t\t\t\t\t\t\t\t\t<\/div>\n\t\t\t\t<\/div>\n\t\t\t\t<\/div>\n\t\t\t\t<\/div>\n\t\t\t\t<\/div>","protected":false},"excerpt":{"rendered":"<p>Previous slide Next slide El Local Situado en la Barceloneta en el centro del Paseo Juan de Borb\u00f3n se encuentra\u00a0Lolita, un simp\u00e1tico local en el que podr\u00e1s encontrar una carta con gran variedad culinaria. Podr\u00e1s disfrutar de excelentes\u00a0sangr\u00edas\u00a0o\u00a0tomar un batido o un cocktail\u00a0en nuestra terraza contemplando cada tarde la espectacular puesta de sol frente a&hellip;&nbsp;<a href=\"https:\/\/lolitabarceloneta.com\/en\/quienes-somos\/\" class=\"\" rel=\"bookmark\">Read More &raquo;<span class=\"screen-reader-text\">Who are we?<\/span><\/a><\/p>","protected":false},"author":3,"featured_media":0,"parent":0,"menu_order":0,"comment_status":"closed","ping_status":"closed","template":"page-templates\/template-pagebuilder-full-width.php","meta":{"neve_meta_sidebar":"","neve_meta_container":"","neve_meta_enable_content_width":"off","neve_meta_content_width":100,"neve_meta_title_alignment":"","neve_meta_author_avatar":"","neve_post_elements_order":"","neve_meta_disable_header":"","neve_meta_disable_footer":"","neve_meta_disable_title":"","footnotes":""},"class_list":["post-247","page","type-page","status-publish","hentry"],"_links":{"self":[{"href":"https:\/\/lolitabarceloneta.com\/en\/wp-json\/wp\/v2\/pages\/247","targetHints":{"allow":["GET"]}}],"collection":[{"href":"https:\/\/lolitabarceloneta.com\/en\/wp-json\/wp\/v2\/pages"}],"about":[{"href":"https:\/\/lolitabarceloneta.com\/en\/wp-json\/wp\/v2\/types\/page"}],"author":[{"embeddable":true,"href":"https:\/\/lolitabarceloneta.com\/en\/wp-json\/wp\/v2\/users\/3"}],"replies":[{"embeddable":true,"href":"https:\/\/lolitabarceloneta.com\/en\/wp-json\/wp\/v2\/comments?post=247"}],"version-history":[{"count":13,"href":"https:\/\/lolitabarceloneta.com\/en\/wp-json\/wp\/v2\/pages\/247\/revisions"}],"predecessor-version":[{"id":789,"href":"https:\/\/lolitabarceloneta.com\/en\/wp-json\/wp\/v2\/pages\/247\/revisions\/789"}],"wp:attachment":[{"href":"https:\/\/lolitabarceloneta.com\/en\/wp-json\/wp\/v2\/media?parent=247"}],"curies":[{"name":"wp","href":"https:\/\/api.w.org\/{rel}","templated":true}]}}